{"id":14392,"date":"2020-07-24T07:42:10","date_gmt":"2020-07-24T07:42:10","guid":{"rendered":"https:\/\/demo.megathe.me\/test2\/loraine\/?page_id=11"},"modified":"2025-12-09T22:31:05","modified_gmt":"2025-12-09T21:31:05","slug":"kontakt","status":"publish","type":"page","link":"https:\/\/fabrykaludzi.com\/index.php\/kontakt\/","title":{"rendered":"Kontakt"},"content":{"rendered":"<p>[vc_row el_class=&#8221;no-margin full-width special datepicker-enabled select2-enabled&#8221;][vc_column width=&#8221;1\/2&#8243; css=&#8221;.vc_custom_1603107296693{padding-top: 50px !important;padding-bottom: 50px !important;}&#8221;][vc_column_text css=&#8221;.vc_custom_1765315863884{margin-bottom: 0px !important;}&#8221; el_class=&#8221;link-transition&#8221;]<\/p>\n<h1 class=\"additional-font brush-text-decoration\" style=\"margin-top: 0px; text-align: left; margin-bottom: 2.1rem; letter-spacing: 0; font-size: 5.341em; margin-left: 0;\">Cze\u015b\u0107!<\/h1>\n<p>&nbsp;<\/p>\n<p>&nbsp;<\/p>\n<p data-start=\"169\" data-end=\"398\">Je\u015bli chcesz opublikowa\u0107 materia\u0142 prasowy lub podzieli\u0107 si\u0119 swoim projektem na naszym portalu, napisz do nas na: <a href=\"mailto:kontakt@fabrykaludzi.com\">kontakt@fabrykaludzi.com<\/a>.<br data-start=\"319\" data-end=\"322\" \/>Ch\u0119tnie przeczytamy, obejrzymy, dopowiemy i damy Twojej historii przestrze\u0144.<\/p>\n<p data-start=\"400\" data-end=\"623\">A je\u015bli tworzysz \u2014 piszesz, fotografujesz, malujesz, rysujesz, projektujesz albo po prostu z ciekawo\u015bci\u0105 obserwujesz \u015bwiat \u2014 odezwij si\u0119.<br data-start=\"537\" data-end=\"540\" \/><em>FABRYKA LUDZI <\/em>to miejsce dla os\u00f3b, kt\u00f3re maj\u0105 co\u015b do powiedzenia i pokazania.<\/p>\n<p data-start=\"625\" data-end=\"705\" data-is-last-node=\"\" data-is-only-node=\"\">Do\u0142\u0105cz, je\u015bli chcesz tworzy\u0107 z nami wsp\u00f3ln\u0105 opowie\u015b\u0107 o sztuce, designie i \u017cyciu.<\/p>\n<p>[\/vc_column_text][\/vc_column][vc_column width=&#8221;1\/2&#8243;]\t\n\t<div \n\t\t \n\t\t\n\t\tclass=\"\n\t\t\tmt-gallery \n\t\t\t \n\t\t\tmt-animate_when_almost_visible-disabled \n\t\t\tfadeinup \n\t\t\tanimation-for-every-item-in-viewport-disabled \n\t\t\t\t\t\" \n\t\t\n\t\t \n\t\t\t\t \n\t\t \n\t\t \n\t\t \n\t\t\t>\n\t\t\n\t\t\t\t\t\t\t\t\t\t\t\t\t\n\t\t\t\t\t\t\n\t\t<ul \n\t\t\tclass=\"\n\t\t\t\tmt-gallery-wrapper\n\t\t\t\tgrid--layout-default \n\t\t\t\t\t\t\t\tgrid grid--col-2 grid--col-3-tablet grid--col-1-desktop grid--margins-none\t\t\t\t\t\t\t\"\n\t\t\t\t\n\t\t\tstyle=\"\n\t\t\t\t--margin-bottom-sizer: 0; \n\t\t\t\t\t\t\t\t\t\t\t\"\n\t\t>\n\t\t\n\t\t\t\n\t\t\t\t\t\t\t\t\t\t\n\t\t\t\t\t\t\t\t\t\t\t\t\t\n\t\t\t\t\t\t\t\t\n\t\t\t\t\t\t\t\t\n\t\t\t<li class=\"isotope-item grid__item\">\n\t\t\t\t<div class=\"grid__item-helper\" style=\"max-width: 900px;\">\n\t\t\t\t\t<div class=\"grid__item-wrapper-helper\">\n\t\t\t\t\t\t\t\t\t\t\t<div class=\"card \" style=\"max-width: 900px;\">\n\t\t\t\t\t\t\t\t\t\t\t\t\t\t\t<div class=\"card__image\" style=\"--aspect-ratio: 0.75;\">\n\t\t\t\t\t\t\t\t\t\t\t\t<img decoding=\"async\" class=\"card__attachment  \" src=\"https:\/\/fabrykaludzi.com\/wp-content\/uploads\/2025\/12\/Kontakt_1.jpg\" width=\"900\" height=\"1200\" alt=\"Kontakt_1\" loading=\"lazy\" \/>\t\t\t\t\t<\/div>\n\t\t\t\t\t\t\t\t\t\t\t\t\t\t\t<\/div>\n\t\t\t\t\t\t\t\t\t\t<\/div>\n\t\t\t\t\t\t\t\t\t<\/div>\n\t\t\t<\/li>\n\t\t\t\t\n\t\t\t\t\t\t\t\t\t\t\t\t\t\t\t<\/ul>\n\t<\/div>\n[\/vc_column][\/vc_row]<\/p>\n","protected":false},"excerpt":{"rendered":"<p>[vc_row el_class=&#8221;no-margin full-width special datepicker-enabled select2-enabled&#8221;][vc_column width=&#8221;1\/2&#8243; css=&#8221;.vc_custom_1603107296693{padding-top: 50px !important;padding-bottom: 50px !important;}&#8221;][vc_column_text css=&#8221;.vc_custom_1765315863884{margin-bottom: 0px !important;}&#8221; el_class=&#8221;link-transition&#8221;] Cze\u015b\u0107! &nbsp; &nbsp; Je\u015bli chcesz opublikowa\u0107 materia\u0142 prasowy lub podzieli\u0107 si\u0119 swoim projektem na naszym portalu, napisz do nas na: kontakt@fabrykaludzi.com.Ch\u0119tnie przeczytamy, obejrzymy, dopowiemy i damy Twojej historii przestrze\u0144. A je\u015bli tworzysz \u2014 piszesz, fotografujesz, malujesz, rysujesz, projektujesz albo &hellip;<\/p>\n","protected":false},"author":1,"featured_media":0,"parent":0,"menu_order":0,"comment_status":"closed","ping_status":"closed","template":"blank-page.php","meta":{"footnotes":""},"class_list":["post-14392","page","type-page","status-publish","hentry"],"_links":{"self":[{"href":"https:\/\/fabrykaludzi.com\/index.php\/wp-json\/wp\/v2\/pages\/14392","targetHints":{"allow":["GET"]}}],"collection":[{"href":"https:\/\/fabrykaludzi.com\/index.php\/wp-json\/wp\/v2\/pages"}],"about":[{"href":"https:\/\/fabrykaludzi.com\/index.php\/wp-json\/wp\/v2\/types\/page"}],"author":[{"embeddable":true,"href":"https:\/\/fabrykaludzi.com\/index.php\/wp-json\/wp\/v2\/users\/1"}],"replies":[{"embeddable":true,"href":"https:\/\/fabrykaludzi.com\/index.php\/wp-json\/wp\/v2\/comments?post=14392"}],"version-history":[{"count":22,"href":"https:\/\/fabrykaludzi.com\/index.php\/wp-json\/wp\/v2\/pages\/14392\/revisions"}],"predecessor-version":[{"id":14543,"href":"https:\/\/fabrykaludzi.com\/index.php\/wp-json\/wp\/v2\/pages\/14392\/revisions\/14543"}],"wp:attachment":[{"href":"https:\/\/fabrykaludzi.com\/index.php\/wp-json\/wp\/v2\/media?parent=14392"}],"curies":[{"name":"wp","href":"https:\/\/api.w.org\/{rel}","templated":true}]}}